{"id":1234,"date":"2023-01-23T14:47:01","date_gmt":"2023-01-23T14:47:01","guid":{"rendered":"https:\/\/gatica-gaviria-cigar.harmonity-group.com\/accueil\/"},"modified":"2023-03-13T13:19:06","modified_gmt":"2023-03-13T13:19:06","slug":"accueil","status":"publish","type":"page","link":"https:\/\/gaticagaviriacigar.com\/fr\/","title":{"rendered":"Accueil"},"content":{"rendered":"\t\t<div data-elementor-type=\"wp-page\" data-elementor-id=\"1234\" class=\"elementor elementor-1234 elementor-19\">\n\t\t\t\t\t\t\t\t\t<section class=\"elementor-section elementor-top-section elementor-element elementor-element-d0d8505 elementor-section-height-min-height elementor-section-content-middle elementor-section-boxed elementor-section-height-default elementor-section-items-middle\" data-id=\"d0d8505\" data-element_type=\"section\" data-settings=\"{&quot;background_background&quot;:&quot;classic&quot;}\">\n\t\t\t\t\t\t<div class=\"elementor-container elementor-column-gap-default\">\n\t\t\t\t\t<div class=\"elementor-column elementor-col-100 elementor-top-column elementor-element elementor-element-d40d619\" data-id=\"d40d619\" data-element_type=\"column\" data-settings=\"{&quot;background_background&quot;:&quot;classic&quot;}\">\n\t\t\t<div class=\"elementor-widget-wrap elementor-element-populated\">\n\t\t\t\t\t<div class=\"elementor-background-overlay\"><\/div>\n\t\t\t\t\t\t\t\t<div class=\"elementor-element elementor-element-ab2bf0f elementor-widget elementor-widget-heading\" data-id=\"ab2bf0f\" data-element_type=\"widget\" data-widget_type=\"heading.default\">\n\t\t\t\t<div class=\"elementor-widget-container\">\n\t\t\t<style>\/*! elementor - v3.10.1 - 17-01-2023 *\/\n.elementor-heading-title{padding:0;margin:0;line-height:1}.elementor-widget-heading .elementor-heading-title[class*=elementor-size-]>a{color:inherit;font-size:inherit;line-height:inherit}.elementor-widget-heading .elementor-heading-title.elementor-size-small{font-size:15px}.elementor-widget-heading .elementor-heading-title.elementor-size-medium{font-size:19px}.elementor-widget-heading .elementor-heading-title.elementor-size-large{font-size:29px}.elementor-widget-heading .elementor-heading-title.elementor-size-xl{font-size:39px}.elementor-widget-heading .elementor-heading-title.elementor-size-xxl{font-size:59px}<\/style><h2 class=\"elementor-heading-title elementor-size-default\">Cigare Gatica Gaviria<\/h2>\t\t<\/div>\n\t\t\t\t<\/div>\n\t\t\t\t<div class=\"elementor-element elementor-element-3fb829e elementor-widget elementor-widget-heading\" data-id=\"3fb829e\" data-element_type=\"widget\" data-widget_type=\"heading.default\">\n\t\t\t\t<div class=\"elementor-widget-container\">\n\t\t\t<h2 class=\"elementor-heading-title elementor-size-default\">Passion et gout de qualit\u00e9<\/h2>\t\t<\/div>\n\t\t\t\t<\/div>\n\t\t\t\t<div class=\"elementor-element elementor-element-7d41f5a elementor-widget elementor-widget-heading\" data-id=\"7d41f5a\" data-element_type=\"widget\" data-widget_type=\"heading.default\">\n\t\t\t\t<div class=\"elementor-widget-container\">\n\t\t\t<h2 class=\"elementor-heading-title elementor-size-default\"> sont notre devise.<\/h2>\t\t<\/div>\n\t\t\t\t<\/div>\n\t\t\t\t\t<\/div>\n\t\t<\/div>\n\t\t\t\t\t\t\t<\/div>\n\t\t<\/section>\n\t\t\t\t<section class=\"elementor-section elementor-top-section elementor-element elementor-element-ee68363 elementor-section-height-min-height elementor-section-boxed elementor-section-height-default elementor-section-items-middle\" data-id=\"ee68363\" data-element_type=\"section\" data-settings=\"{&quot;background_background&quot;:&quot;classic&quot;}\">\n\t\t\t\t\t\t<div class=\"elementor-container elementor-column-gap-default\">\n\t\t\t\t\t<div class=\"elementor-column elementor-col-100 elementor-top-column elementor-element elementor-element-a0b58c6\" data-id=\"a0b58c6\" data-element_type=\"column\">\n\t\t\t<div class=\"elementor-widget-wrap elementor-element-populated\">\n\t\t\t\t\t\t\t\t<div class=\"elementor-element elementor-element-51ac175 elementor-widget elementor-widget-heading\" data-id=\"51ac175\" data-element_type=\"widget\" data-widget_type=\"heading.default\">\n\t\t\t\t<div class=\"elementor-widget-container\">\n\t\t\t<h2 class=\"elementor-heading-title elementor-size-default\">Tout \u00e0 commenc\u00e9 en R\u00e9publique Dominicaine avec Cornelio\u00ae\ufe0f en 2019 et depuis, l'aventure continue.\n<\/h2>\t\t<\/div>\n\t\t\t\t<\/div>\n\t\t\t\t\t<\/div>\n\t\t<\/div>\n\t\t\t\t\t\t\t<\/div>\n\t\t<\/section>\n\t\t\t\t<section class=\"elementor-section elementor-top-section elementor-element elementor-element-e56fce1 elementor-section-full_width elementor-section-height-min-height elementor-section-content-middle elementor-section-height-default elementor-section-items-middle\" data-id=\"e56fce1\" data-element_type=\"section\" data-settings=\"{&quot;background_background&quot;:&quot;classic&quot;}\">\n\t\t\t\t\t\t\t<div class=\"elementor-background-overlay\"><\/div>\n\t\t\t\t\t\t\t<div class=\"elementor-container elementor-column-gap-default\">\n\t\t\t\t\t<div class=\"elementor-column elementor-col-100 elementor-top-column elementor-element elementor-element-fae7d73\" data-id=\"fae7d73\" data-element_type=\"column\">\n\t\t\t<div class=\"elementor-widget-wrap\">\n\t\t\t\t\t\t\t\t\t<\/div>\n\t\t<\/div>\n\t\t\t\t\t\t\t<\/div>\n\t\t<\/section>\n\t\t\t\t<section class=\"elementor-section elementor-top-section elementor-element elementor-element-9299698 elementor-section-boxed elementor-section-height-default elementor-section-height-default\" data-id=\"9299698\" data-element_type=\"section\" data-settings=\"{&quot;background_background&quot;:&quot;classic&quot;}\">\n\t\t\t\t\t\t<div class=\"elementor-container elementor-column-gap-default\">\n\t\t\t\t\t<div class=\"elementor-column elementor-col-100 elementor-top-column elementor-element elementor-element-d1c3d1e\" data-id=\"d1c3d1e\" data-element_type=\"column\">\n\t\t\t<div class=\"elementor-widget-wrap elementor-element-populated\">\n\t\t\t\t\t\t\t\t<div class=\"elementor-element elementor-element-ef66f7f elementor-widget elementor-widget-heading\" data-id=\"ef66f7f\" data-element_type=\"widget\" data-widget_type=\"heading.default\">\n\t\t\t\t<div class=\"elementor-widget-container\">\n\t\t\t<h2 class=\"elementor-heading-title elementor-size-default\">Nous nous engageons \u00e0 fournir des produits enti\u00e8rement fabriqu\u00e9s \u00e0 la main, en cr\u00e9ant de la valeur pour nos associ\u00e9s et nos employ\u00e9s de mani\u00e8re durable.<\/h2>\t\t<\/div>\n\t\t\t\t<\/div>\n\t\t\t\t\t<\/div>\n\t\t<\/div>\n\t\t\t\t\t\t\t<\/div>\n\t\t<\/section>\n\t\t\t\t<section class=\"elementor-section elementor-top-section elementor-element elementor-element-500fea7 elementor-section-boxed elementor-section-height-default elementor-section-height-default\" data-id=\"500fea7\" data-element_type=\"section\" data-settings=\"{&quot;background_background&quot;:&quot;classic&quot;}\">\n\t\t\t\t\t\t<div class=\"elementor-container elementor-column-gap-default\">\n\t\t\t\t\t<div class=\"elementor-column elementor-col-100 elementor-top-column elementor-element elementor-element-d3ff753\" data-id=\"d3ff753\" data-element_type=\"column\">\n\t\t\t<div class=\"elementor-widget-wrap elementor-element-populated\">\n\t\t\t\t\t\t\t\t<div class=\"elementor-element elementor-element-07eee1d elementor-arrows-position-inside elementor-pagination-position-outside elementor-widget elementor-widget-image-carousel\" data-id=\"07eee1d\" data-element_type=\"widget\" data-settings=\"{&quot;slides_to_show&quot;:&quot;5&quot;,&quot;autoplay_speed&quot;:2000,&quot;navigation&quot;:&quot;both&quot;,&quot;autoplay&quot;:&quot;yes&quot;,&quot;pause_on_hover&quot;:&quot;yes&quot;,&quot;pause_on_interaction&quot;:&quot;yes&quot;,&quot;infinite&quot;:&quot;yes&quot;,&quot;speed&quot;:500}\" data-widget_type=\"image-carousel.default\">\n\t\t\t\t<div class=\"elementor-widget-container\">\n\t\t\t<style>\/*! elementor - v3.10.1 - 17-01-2023 *\/\n.elementor-widget-image-carousel .swiper-container{position:static}.elementor-widget-image-carousel .swiper-container .swiper-slide figure{line-height:inherit}.elementor-widget-image-carousel .swiper-slide{text-align:center}.elementor-image-carousel-wrapper:not(.swiper-container-initialized) .swiper-slide{max-width:calc(100% \/ var(--e-image-carousel-slides-to-show, 3))}<\/style>\t\t<div class=\"elementor-image-carousel-wrapper swiper-container\" dir=\"ltr\">\n\t\t\t<div class=\"elementor-image-carousel swiper-wrapper\">\n\t\t\t\t\t\t\t\t<div class=\"swiper-slide\"><figure class=\"swiper-slide-inner\"><img decoding=\"async\" class=\"swiper-slide-image\" src=\"https:\/\/gaticagaviriacigar.com\/wp-content\/uploads\/2023\/03\/DSC08878-150x150.jpg\" alt=\"DSC08878\" \/><\/figure><\/div><div class=\"swiper-slide\"><figure class=\"swiper-slide-inner\"><img decoding=\"async\" class=\"swiper-slide-image\" src=\"https:\/\/gaticagaviriacigar.com\/wp-content\/uploads\/2023\/03\/DSC087482-150x150.jpg\" alt=\"DSC087482\" \/><\/figure><\/div><div class=\"swiper-slide\"><figure class=\"swiper-slide-inner\"><img decoding=\"async\" class=\"swiper-slide-image\" src=\"https:\/\/gaticagaviriacigar.com\/wp-content\/uploads\/2023\/03\/DSC08717-150x150.jpg\" alt=\"DSC08717\" \/><\/figure><\/div><div class=\"swiper-slide\"><figure class=\"swiper-slide-inner\"><img decoding=\"async\" class=\"swiper-slide-image\" src=\"https:\/\/gaticagaviriacigar.com\/wp-content\/uploads\/2023\/03\/DSC08753-150x150.jpg\" alt=\"DSC08753\" \/><\/figure><\/div><div class=\"swiper-slide\"><figure class=\"swiper-slide-inner\"><img decoding=\"async\" class=\"swiper-slide-image\" src=\"https:\/\/gaticagaviriacigar.com\/wp-content\/uploads\/2023\/03\/DSC08990-150x150.jpg\" alt=\"DSC08990\" \/><\/figure><\/div>\t\t\t<\/div>\n\t\t\t\t\t\t\t\t\t\t\t\t<div class=\"swiper-pagination\"><\/div>\n\t\t\t\t\t\t\t\t\t\t\t\t\t<div class=\"elementor-swiper-button elementor-swiper-button-prev\">\n\t\t\t\t\t\t<i aria-hidden=\"true\" class=\"eicon-chevron-left\"><\/i>\t\t\t\t\t\t<span class=\"elementor-screen-only\">Pr\u00e9c\u00e9dent<\/span>\n\t\t\t\t\t<\/div>\n\t\t\t\t\t<div class=\"elementor-swiper-button elementor-swiper-button-next\">\n\t\t\t\t\t\t<i aria-hidden=\"true\" class=\"eicon-chevron-right\"><\/i>\t\t\t\t\t\t<span class=\"elementor-screen-only\">Suivant<\/span>\n\t\t\t\t\t<\/div>\n\t\t\t\t\t\t\t\t\t<\/div>\n\t\t\t\t<\/div>\n\t\t\t\t<\/div>\n\t\t\t\t\t<\/div>\n\t\t<\/div>\n\t\t\t\t\t\t\t<\/div>\n\t\t<\/section>\n\t\t\t\t\t\t\t<\/div>\n\t\t","protected":false},"excerpt":{"rendered":"<p>Cigare Gatica Gaviria Passion et gout de qualit\u00e9 sont notre devise. Tout \u00e0 commenc\u00e9 en R\u00e9publique Dominicaine avec Cornelio\u00ae\ufe0f en 2019 et depuis, l&rsquo;aventure continue. Nous nous engageons \u00e0 fournir des produits enti\u00e8rement fabriqu\u00e9s \u00e0 la main, en cr\u00e9ant de la valeur pour nos associ\u00e9s et nos employ\u00e9s de mani\u00e8re durable. Previous Next<\/p>\n","protected":false},"author":1,"featured_media":0,"parent":0,"menu_order":0,"comment_status":"closed","ping_status":"closed","template":"elementor_header_footer","meta":{"footnotes":""},"class_list":["post-1234","page","type-page","status-publish","hentry"],"yoast_head":"<!-- This site is optimized with the Yoast SEO plugin v20.1 - https:\/\/yoast.com\/wordpress\/plugins\/seo\/ -->\n<title>Accueil - Gatica Gaviria Cigar<\/title>\n<meta name=\"robots\" content=\"noindex, follow, max-snippet:-1, max-image-preview:large, max-video-preview:-1\" \/>\n<meta property=\"og:locale\" content=\"fr_FR\" \/>\n<meta property=\"og:type\" content=\"article\" \/>\n<meta property=\"og:title\" content=\"Accueil - Gatica Gaviria Cigar\" \/>\n<meta property=\"og:description\" content=\"Cigare Gatica Gaviria Passion et gout de qualit\u00e9 sont notre devise. Tout \u00e0 commenc\u00e9 en R\u00e9publique Dominicaine avec Cornelio\u00ae\ufe0f en 2019 et depuis, l&rsquo;aventure continue. Nous nous engageons \u00e0 fournir des produits enti\u00e8rement fabriqu\u00e9s \u00e0 la main, en cr\u00e9ant de la valeur pour nos associ\u00e9s et nos employ\u00e9s de mani\u00e8re durable. Previous Next\" \/>\n<meta property=\"og:url\" content=\"https:\/\/gaticagaviriacigar.com\/fr\/\" \/>\n<meta property=\"og:site_name\" content=\"Gatica Gaviria Cigar\" \/>\n<meta property=\"article:modified_time\" content=\"2023-03-13T13:19:06+00:00\" \/>\n<meta property=\"og:image\" content=\"https:\/\/gaticagaviriacigar.comwp-content\/uploads\/2023\/03\/DSC08878-150x150.jpg\" \/>\n<meta name=\"twitter:card\" content=\"summary_large_image\" \/>\n<meta name=\"twitter:label1\" content=\"Dur\u00e9e de lecture estim\u00e9e\" \/>\n\t<meta name=\"twitter:data1\" content=\"4 minutes\" \/>\n<script type=\"application\/ld+json\" class=\"yoast-schema-graph\">{\"@context\":\"https:\/\/schema.org\",\"@graph\":[{\"@type\":\"WebPage\",\"@id\":\"https:\/\/gaticagaviriacigar.com\/fr\/\",\"url\":\"https:\/\/gaticagaviriacigar.com\/fr\/\",\"name\":\"Accueil - Gatica Gaviria Cigar\",\"isPartOf\":{\"@id\":\"https:\/\/gaticagaviriacigar.com\/#website\"},\"datePublished\":\"2023-01-23T14:47:01+00:00\",\"dateModified\":\"2023-03-13T13:19:06+00:00\",\"breadcrumb\":{\"@id\":\"https:\/\/gaticagaviriacigar.com\/fr\/#breadcrumb\"},\"inLanguage\":\"fr-FR\",\"potentialAction\":[{\"@type\":\"ReadAction\",\"target\":[\"https:\/\/gaticagaviriacigar.com\/fr\/\"]}]},{\"@type\":\"BreadcrumbList\",\"@id\":\"https:\/\/gaticagaviriacigar.com\/fr\/#breadcrumb\",\"itemListElement\":[{\"@type\":\"ListItem\",\"position\":1,\"name\":\"Home\",\"item\":\"https:\/\/gaticagaviriacigar.com\/fr\/\"},{\"@type\":\"ListItem\",\"position\":2,\"name\":\"Accueil\"}]},{\"@type\":\"WebSite\",\"@id\":\"https:\/\/gaticagaviriacigar.com\/#website\",\"url\":\"https:\/\/gaticagaviriacigar.com\/\",\"name\":\"Gatica Gaviria Cigar\",\"description\":\"\",\"potentialAction\":[{\"@type\":\"SearchAction\",\"target\":{\"@type\":\"EntryPoint\",\"urlTemplate\":\"https:\/\/gaticagaviriacigar.com\/?s={search_term_string}\"},\"query-input\":\"required name=search_term_string\"}],\"inLanguage\":\"fr-FR\"}]}<\/script>\n<!-- \/ Yoast SEO plugin. -->","yoast_head_json":{"title":"Accueil - Gatica Gaviria Cigar","robots":{"index":"noindex","follow":"follow","max-snippet":"max-snippet:-1","max-image-preview":"max-image-preview:large","max-video-preview":"max-video-preview:-1"},"og_locale":"fr_FR","og_type":"article","og_title":"Accueil - Gatica Gaviria Cigar","og_description":"Cigare Gatica Gaviria Passion et gout de qualit\u00e9 sont notre devise. Tout \u00e0 commenc\u00e9 en R\u00e9publique Dominicaine avec Cornelio\u00ae\ufe0f en 2019 et depuis, l&rsquo;aventure continue. Nous nous engageons \u00e0 fournir des produits enti\u00e8rement fabriqu\u00e9s \u00e0 la main, en cr\u00e9ant de la valeur pour nos associ\u00e9s et nos employ\u00e9s de mani\u00e8re durable. Previous Next","og_url":"https:\/\/gaticagaviriacigar.com\/fr\/","og_site_name":"Gatica Gaviria Cigar","article_modified_time":"2023-03-13T13:19:06+00:00","og_image":[{"url":"https:\/\/gaticagaviriacigar.comwp-content\/uploads\/2023\/03\/DSC08878-150x150.jpg"}],"twitter_card":"summary_large_image","twitter_misc":{"Dur\u00e9e de lecture estim\u00e9e":"4 minutes"},"schema":{"@context":"https:\/\/schema.org","@graph":[{"@type":"WebPage","@id":"https:\/\/gaticagaviriacigar.com\/fr\/","url":"https:\/\/gaticagaviriacigar.com\/fr\/","name":"Accueil - Gatica Gaviria Cigar","isPartOf":{"@id":"https:\/\/gaticagaviriacigar.com\/#website"},"datePublished":"2023-01-23T14:47:01+00:00","dateModified":"2023-03-13T13:19:06+00:00","breadcrumb":{"@id":"https:\/\/gaticagaviriacigar.com\/fr\/#breadcrumb"},"inLanguage":"fr-FR","potentialAction":[{"@type":"ReadAction","target":["https:\/\/gaticagaviriacigar.com\/fr\/"]}]},{"@type":"BreadcrumbList","@id":"https:\/\/gaticagaviriacigar.com\/fr\/#breadcrumb","itemListElement":[{"@type":"ListItem","position":1,"name":"Home","item":"https:\/\/gaticagaviriacigar.com\/fr\/"},{"@type":"ListItem","position":2,"name":"Accueil"}]},{"@type":"WebSite","@id":"https:\/\/gaticagaviriacigar.com\/#website","url":"https:\/\/gaticagaviriacigar.com\/","name":"Gatica Gaviria Cigar","description":"","potentialAction":[{"@type":"SearchAction","target":{"@type":"EntryPoint","urlTemplate":"https:\/\/gaticagaviriacigar.com\/?s={search_term_string}"},"query-input":"required name=search_term_string"}],"inLanguage":"fr-FR"}]}},"_links":{"self":[{"href":"https:\/\/gaticagaviriacigar.com\/fr\/wp-json\/wp\/v2\/pages\/1234","targetHints":{"allow":["GET"]}}],"collection":[{"href":"https:\/\/gaticagaviriacigar.com\/fr\/wp-json\/wp\/v2\/pages"}],"about":[{"href":"https:\/\/gaticagaviriacigar.com\/fr\/wp-json\/wp\/v2\/types\/page"}],"author":[{"embeddable":true,"href":"https:\/\/gaticagaviriacigar.com\/fr\/wp-json\/wp\/v2\/users\/1"}],"replies":[{"embeddable":true,"href":"https:\/\/gaticagaviriacigar.com\/fr\/wp-json\/wp\/v2\/comments?post=1234"}],"version-history":[{"count":51,"href":"https:\/\/gaticagaviriacigar.com\/fr\/wp-json\/wp\/v2\/pages\/1234\/revisions"}],"predecessor-version":[{"id":2134,"href":"https:\/\/gaticagaviriacigar.com\/fr\/wp-json\/wp\/v2\/pages\/1234\/revisions\/2134"}],"wp:attachment":[{"href":"https:\/\/gaticagaviriacigar.com\/fr\/wp-json\/wp\/v2\/media?parent=1234"}],"curies":[{"name":"wp","href":"https:\/\/api.w.org\/{rel}","templated":true}]}}